{"id":58,"date":"2015-05-23T14:54:32","date_gmt":"2015-05-23T14:54:32","guid":{"rendered":"http:\/\/autojordao.com\/?page_id=58"},"modified":"2015-05-26T20:52:09","modified_gmt":"2015-05-26T20:52:09","slug":"servicos-diversos","status":"publish","type":"page","link":"https:\/\/autojordao.com\/index.php\/servicos-diversos\/","title":{"rendered":"Servi\u00e7os"},"content":{"rendered":"<div class=\"row \"><div class=\"wpv-grid grid-1-1  wpv-first-level first unextended animation-zoom-in animated-active\" style=\"padding-top:0px;padding-bottom:0px\" id=\"wpv-column-52ff13ff90b75ec94e6313cc90a887d6\" >\t\t<div class=\"sep-text single centered\">\n\t\t\t\t\t\t\t<span class=\"sep-text-before\"><div class=\"sep-text-line\"><\/div><\/span>\n\t\t\t\t\t\t<div class=\"content\">\n\t\t\t\t<h2 class=\"regular-title-wrapper\">\t\t\t\t\tServi\u00e7os\t\t\t\t<\/h2>\t\t\t<\/div>\n\t\t\t<span class=\"sep-text-after\"><div class=\"sep-text-line\"><\/div><\/span>\n\t\t\t\t\t<\/div>\n\t<div class=\"wpv-accordion-wrapper wpv-accordion-1\"><ul class=\"wpv-accordion\" data-collapsible=\"true\"><li class=\"pane-wrapper\" style=\"background-image: url(&quot;http:\/\/autojordao.com\/wp-content\/uploads\/2015\/05\/pneus1.jpg&quot;);\">\n\t\t\t\t\t<h4 class=\"tab has-bg\"><div class=\"inner\">Pneus<\/div><\/h4>\n\t\t\t\t\t<div class=\"pane\"><div class=\"inner\"><p>Mais informa\u00e7\u00e3o Brevemente<\/div><\/div>\n\t\t\t\t\t<\/li><li class=\"pane-wrapper\" style=\"\">\n\t\t\t\t\t<h4 class=\"tab\"><div class=\"inner\">Alinhamento<\/div><\/h4>\n\t\t\t\t\t<div class=\"pane\"><div class=\"inner\"><p><em>Mais informa\u00e7\u00e3o Brevemente<\/em><\/div><\/div>\n\t\t\t\t\t<\/li><li class=\"pane-wrapper\" style=\"\">\n\t\t\t\t\t<h4 class=\"tab\"><div class=\"inner\">Equilibragem<\/div><\/h4>\n\t\t\t\t\t<div class=\"pane\"><div class=\"inner\"><p><em>Mais informa\u00e7\u00e3o Brevemente<\/em><\/div><\/div>\n\t\t\t\t\t<\/li><li class=\"pane-wrapper\" style=\"background-image: url(&quot;http:\/\/autojordao.com\/wp-content\/uploads\/2015\/05\/motor.jpg&quot;);\">\n\t\t\t\t\t<h4 class=\"tab has-bg\"><div class=\"inner\">Mec\u00e2nica Geral<\/div><\/h4>\n\t\t\t\t\t<div class=\"pane\"><div class=\"inner\"><p><em>Mais informa\u00e7\u00e3o Brevemente<\/em><\/div><\/div>\n\t\t\t\t\t<\/li><li class=\"pane-wrapper\" style=\"\">\n\t\t\t\t\t<h4 class=\"tab\"><div class=\"inner\">Trav\u00f5es<\/div><\/h4>\n\t\t\t\t\t<div class=\"pane\"><div class=\"inner\"><p><em>Mais informa\u00e7\u00e3o Brevemente<\/em><\/div><\/div>\n\t\t\t\t\t<\/li><li class=\"pane-wrapper\" style=\"\">\n\t\t\t\t\t<h4 class=\"tab\"><div class=\"inner\">Amortecedores<\/div><\/h4>\n\t\t\t\t\t<div class=\"pane\"><div class=\"inner\"><p><em>Mais informa\u00e7\u00e3o Brevemente<\/em><\/div><\/div>\n\t\t\t\t\t<\/li><li class=\"pane-wrapper\" style=\"\">\n\t\t\t\t\t<h4 class=\"tab\"><div class=\"inner\">Escapes<\/div><\/h4>\n\t\t\t\t\t<div class=\"pane\"><div class=\"inner\"><p><em>Mais informa\u00e7\u00e3o Brevemente<\/em><\/div><\/div>\n\t\t\t\t\t<\/li><li class=\"pane-wrapper\" style=\"\">\n\t\t\t\t\t<h4 class=\"tab\"><div class=\"inner\">\u00d3leo<\/div><\/h4>\n\t\t\t\t\t<div class=\"pane\"><div class=\"inner\"><p><em>Mais informa\u00e7\u00e3o Brevemente<\/em><\/div><\/div>\n\t\t\t\t\t<\/li><li class=\"pane-wrapper\" style=\"\">\n\t\t\t\t\t<h4 class=\"tab\"><div class=\"inner\">Filtros<\/div><\/h4>\n\t\t\t\t\t<div class=\"pane\"><div class=\"inner\"><p><em>Mais informa\u00e7\u00e3o Brevemente<\/em><\/div><\/div>\n\t\t\t\t\t<\/li><li class=\"pane-wrapper\" style=\"\">\n\t\t\t\t\t<h4 class=\"tab\"><div class=\"inner\">Chaparia<\/div><\/h4>\n\t\t\t\t\t<div class=\"pane\"><div class=\"inner\"><p><em>Mais informa\u00e7\u00e3o Brevemente<\/em><\/div><\/div>\n\t\t\t\t\t<\/li><li class=\"pane-wrapper\" style=\"\">\n\t\t\t\t\t<h4 class=\"tab\"><div class=\"inner\">Lavagem<\/div><\/h4>\n\t\t\t\t\t<div class=\"pane\"><div class=\"inner\"><p><em>Mais informa\u00e7\u00e3o Brevemente<\/em><\/div><\/div>\n\t\t\t\t\t<\/li><li class=\"pane-wrapper\" style=\"\">\n\t\t\t\t\t<h4 class=\"tab\"><div class=\"inner\">Diagn\u00f3stico<\/div><\/h4>\n\t\t\t\t\t<div class=\"pane\"><div class=\"inner\"><p><em>Mais informa\u00e7\u00e3o Brevemente<\/em><\/div><\/div>\n\t\t\t\t\t<\/li><li class=\"pane-wrapper\" style=\"\">\n\t\t\t\t\t<h4 class=\"tab\"><div class=\"inner\">Ar Condicionado<\/div><\/h4>\n\t\t\t\t\t<div class=\"pane\"><div class=\"inner\"><p><em>Mais informa\u00e7\u00e3o Brevemente<\/em><\/div><\/div>\n\t\t\t\t\t<\/li><li class=\"pane-wrapper\" style=\"\">\n\t\t\t\t\t<h4 class=\"tab\"><div class=\"inner\">Pintura<\/div><\/h4>\n\t\t\t\t\t<div class=\"pane\"><div class=\"inner\"><p><em>Mais informa\u00e7\u00e3o Brevemente<\/em><\/div><\/div>\n\t\t\t\t\t<\/li><\/ul><style>.wpv-accordion-1 .tab:not(.has-bg) .inner { background-color: #253993; color: #ffffff; }<\/style><\/div><\/div><\/div>\n","protected":false},"excerpt":{"rendered":"Servi\u00e7os Pneus Mais informa\u00e7\u00e3o Brevemente Alinhamento Mais informa\u00e7\u00e3o Brevemente Equilibragem Mais informa\u00e7\u00e3o Brevemente Mec\u00e2nica Geral Mais informa\u00e7\u00e3o Brevemente Trav\u00f5es Mais informa\u00e7\u00e3o Brevemente Amortecedores Mais informa\u00e7\u00e3o Brevemente Escapes Mais informa\u00e7\u00e3o Brevemente \u00d3leo Mais informa\u00e7\u00e3o Brevemente Filtros Mais informa\u00e7\u00e3o Brevemente Chaparia Mais informa\u00e7\u00e3o Brevemente Lavagem Mais informa\u00e7\u00e3o Brevemente Diagn\u00f3stico Mais informa\u00e7\u00e3o Brevemente Ar Condicionado Mais informa\u00e7\u00e3o Brevemente...","protected":false},"author":1,"featured_media":0,"parent":0,"menu_order":0,"comment_status":"closed","ping_status":"closed","template":"","meta":[],"_links":{"self":[{"href":"https:\/\/autojordao.com\/index.php\/wp-json\/wp\/v2\/pages\/58"}],"collection":[{"href":"https:\/\/autojordao.com\/index.php\/wp-json\/wp\/v2\/pages"}],"about":[{"href":"https:\/\/autojordao.com\/index.php\/wp-json\/wp\/v2\/types\/page"}],"author":[{"embeddable":true,"href":"https:\/\/autojordao.com\/index.php\/wp-json\/wp\/v2\/users\/1"}],"replies":[{"embeddable":true,"href":"https:\/\/autojordao.com\/index.php\/wp-json\/wp\/v2\/comments?post=58"}],"version-history":[{"count":14,"href":"https:\/\/autojordao.com\/index.php\/wp-json\/wp\/v2\/pages\/58\/revisions"}],"predecessor-version":[{"id":133,"href":"https:\/\/autojordao.com\/index.php\/wp-json\/wp\/v2\/pages\/58\/revisions\/133"}],"wp:attachment":[{"href":"https:\/\/autojordao.com\/index.php\/wp-json\/wp\/v2\/media?parent=58"}],"curies":[{"name":"wp","href":"https:\/\/api.w.org\/{rel}","templated":true}]}}